{"id":6,"date":"2015-12-15T14:04:17","date_gmt":"2015-12-15T13:04:17","guid":{"rendered":"http:\/\/sames-art.de\/?page_id=6"},"modified":"2025-04-02T12:53:00","modified_gmt":"2025-04-02T11:53:00","slug":"andreas-m-sames","status":"publish","type":"page","link":"https:\/\/sames-art.de\/?page_id=6","title":{"rendered":"Vitae"},"content":{"rendered":"\n<p><strong>VITAE<\/strong><\/p>\n\n\n\n<p>1960 &#8211; in M\u00fcnchen geboren, aufgewachsen in Ober\u00f6sterreich<br>1974 bis 1978 &#8211; weiterf\u00fchr. Schule mit kaufm.\/ musisch. Zweig<br>1978&nbsp;bis 1981 &#8211;&nbsp;Mitglied im Leitungsteam der Gruppe \u201eDie Ratlosen\u201c<br>1978&nbsp;bis 1981 &#8211;&nbsp;Ausbildung \/ Abschluss mit Kaufmannsbrief<br>1982 &#8211; Eintritt Bayerische Staatstheater \/ Gemeinsamer Dienst<br>1983 &#8211; 1989 &#8211; Autodidakt. Stil- und Malstudien in verschied. Techniken<br>1990 &#8211; K\u00fcnstl. Auseinandersetzung mit Werk von Prof. Fred Thieler<br>1991 &#8211; 1992 &#8211; Experiment. Marmorieren mit Farbfl\u00e4chenwirkung<br>1993 &#8211; Entwicklung der aqua marmorata-Technik\/ Abstraktion<br>1994 &#8211; Perfektionierung der \u201eaqua marmorata art\u201c<br>1995 bis 1997 -Abendstud. Philosophie a. d. Freien Akademie M\u00fcnchen<br>1998 &#8211; K\u00fcnstl. Austausch mit der Malerin\/Graphikerin Bele Bachem<br>1999 &#8211; st\u00e4ndiges Mitglied und Beirat im Verein \u201eKunst in die Mitte\u201c<br>2000 &#8211; Kunstinstallationen beziehen sich direkt auf das bildliche Werk<br>2003 &#8211; Eigene Gedichte und Deutungsangebote&nbsp;kombiniert mit&nbsp;Bildern<br>2004 &#8211; Das Wort zum Bild\/ Buchpr\u00e4sentation mit&nbsp;Kurzgeschichte<br>2007 \u2013 Etablierung des saisonalen Sommeratelier \u201eInsel im L\u00e4rm\u201c im Garten<br>2009 &#8211; Werkschau zum 15j\u00e4hrigen Jubil\u00e4um der \u201eaqua marmorata art\u201c<\/p>\n\n\n\n<p>2011 &#8211; K\u00fcnstl. Ann\u00e4herung an Werk von Prof. Hermann Nitsch \/ Bayer. Staatsoper<\/p>\n\n\n\n<p>2012 &#8211; Entstehung des Sommernachtstraum-Zyklus<\/p>\n\n\n\n<p>2017 &#8211; Mitglied im Kunstverein Freisinger Mohr e.V.&nbsp; Freising<\/p>\n\n\n\n<p>2019 &#8211; Mitglied bei der Gesellig. Vereinig. Bildender K\u00fcnstler M\u00fcnchen<\/p>\n\n\n\n<p>2021 &#8211; Mitglied beim KunstKompass M\u00fcnchen Nord \/ Garching<\/p>\n\n\n\n<p>2023 &#8211; Vorstand der Geselligen Vereinigung bildender K\u00fcnstler M\u00fcnchens<\/p>\n\n\n\n<p>2024 \u2013 Landesgartenschau Kirchheim-Heimstetten mit Konzeptinstallation<\/p>\n\n\n\n<p>2024 \u2013 Rathaus Neufahrn Ausstellung XXX \u2013 3 Dekaden &#8211; 30 Jahre<\/p>\n\n\n\n<p>2024 \u2013 Buchpr\u00e4sentation: Der Sternschnuppenmacher \/ Lyrik und Prosa<\/p>\n\n\n\n<p><\/p>\n\n\n\n<p><strong>EINZELAUSSTELLUNGEN (AUSWAHL)<\/strong><\/p>\n\n\n\n<p>1997: \u201eLa Cave\u201c M\u00fcnchen, Maximilianstra\u00dfe<br>1997: Bayer. Hypothek. u. Wechsel Bank M\u00fcnchen, Filiale Herzogpark<br>1998: BKK Bavaria \/ Wanderausstellung in bayer. u. fr\u00e4nk. Gesch\u00e4ftst.<br>1999: Konferenzzentr.&nbsp; im Haus der Bayerischen Wirtschaft, M\u00fcnchen<br>1999: Conti Bistro, M\u00fcnchen<br>2000 + 2003 sowie 2004 \/ 2005: BKK Bavaria \/ Gesch\u00e4ftsstelle M\u00fcnchen<br>2009: Kunst im Atrium, Freising<br>2012 \/ 2013: Deutsche BKK \/ Gesch\u00e4ftsstelle M\u00fcnchen<br>2014: Open Air Ausstellung Neufahrn &#8211;&nbsp;20 Bilder im Garten<\/p>\n\n\n\n<p>2019 Sparkasse Freising<\/p>\n\n\n\n<p>2020 Schloss Hohenkammer, Konzeptinstallationen mit open-air Ausstellung<\/p>\n\n\n\n<p>2024 Teilnahme an der Jubil\u00e4umsausstellung: Freising in Europa<\/p>\n\n\n\n<p><\/p>\n\n\n\n<p><strong>GRUPPENAUSSTELLUNGEN (AUSWAHL)<\/strong><\/p>\n\n\n\n<p><\/p>\n\n\n\n<p><strong>Freisinger Mohr:<\/strong><\/p>\n\n\n\n<p>2017: Fr\u00fchjahresausstellung Freisinger Mohr im Alten Gef\u00e4ngnis Freising<\/p>\n\n\n\n<p>2017: Jahresausstellung FM im Marstall des Landratsamt Freising<\/p>\n\n\n\n<p>2018\/2019\/2020\/2021\/2022\/2023\/2024 Altes Gef\u00e4ngnis<\/p>\n\n\n\n<p><strong>Gesellige Vereinigung bildender K\u00fcnstler M\u00fcnchens<\/strong><\/p>\n\n\n\n<p>2020: B\u00fcrgerhaus Gr\u00e4felfing<\/p>\n\n\n\n<p>2021 Hansa Haus M\u00fcnchen<\/p>\n\n\n\n<p>2023 Volkshochschule Moosach<\/p>\n\n\n\n<p>2024 Orangerie M\u00fcnchen<\/p>\n\n\n\n<p>2025 Kunstforum R\u00f6merschanz, Gr\u00fcnwald<\/p>\n\n\n\n<p>2025 ARTMUC Spring Kunstmesse M\u00fcnchen<\/p>\n\n\n\n<p><strong>Kunstkompasss M\u00fcnchen Nord<\/strong><\/p>\n\n\n\n<p>2021 2022 2023 2024 B\u00fcrgerhaus Garching<\/p>\n\n\n\n<p>2024 Bibliothek Garching<\/p>\n\n\n\n<p><strong>Sonstige:<\/strong><\/p>\n\n\n\n<p>2017: Burggriesbacher Kunstrausch \/ Alter Pfarrhof Burggriesbach<\/p>\n\n\n\n<p>2018 \/ 2020\/ 2022 Hansa Haus M\u00fcnchen<\/p>\n\n\n\n<p><strong>F\u00f6rderungen:<\/strong><\/p>\n\n\n\n<p>1998 \u201eForum aqua marmorata\u201c u. d. Schirmherrsch. des \u00f6sterr. Generalkons. Dr. W. Koeffler<br>1999 Kunstausstellung \/Vereinigung der Bayerischen Wirtschaft<br>2009 F\u00f6rderinitiative der Sparkasse Freising<\/p>\n\n\n\n<p><strong>Auszeichnungen:<\/strong><\/p>\n\n\n\n<p>1999 Preismotiv Tischset in der Reihe\u00a0 \u201eKunst und Tischkultur\u201c<br>2000 ISNESS Kunst &#8211; Portr\u00e4t\u00a0 \u201eTriumph der aqua marmorata\u201c<br>2004 Ausgew\u00e4hlter Teiln. der 16.Anthologie des R.G. Fischer-Verlags \/Frankfurt  Main<br>2009 Werkaufnahme in die Sammlung der Stadt Freising<\/p>\n\n\n\n<p>2025 Pr\u00e4dikat der Geselligen Vereinigung bildender K\u00fcnstler M\u00fcnchens<\/p>\n\n\n\n<p><br>Die Werke von Andreas M. Sames befinden sich u. a. im Besitz von wirtschaftspolitischen Institutionen<br>(z.B. Haus der Bayerischen Wirtschaft) und K\u00f6rperschaften des \u00f6ffentlichen Rechts (z.B. BKK<br>Bavaria). Zudem sind Ausstellungsst\u00fccke der aqua-marmorata-art in privaten als auch in musealen Sammlungen vertreten.<br>Werknachweise in den Inventarlisten von:<\/p>\n\n\n\n<p>Stadtmuseum<br>Sammlung des Historischen Vereins<br>Bildergalerie der Stadt Freising<\/p>\n","protected":false},"excerpt":{"rendered":"<p>VITAE 1960 &#8211; in M\u00fcnchen geboren, aufgewachsen in Ober\u00f6sterreich1974 bis 1978 &#8211; weiterf\u00fchr. Schule mit kaufm.\/ musisch. Zweig1978&nbsp;bis 1981 &#8211;&nbsp;Mitglied im Leitungsteam der Gruppe \u201eDie Ratlosen\u201c1978&nbsp;bis 1981 &#8211;&nbsp;Ausbildung \/ Abschluss mit Kaufmannsbrief1982 &#8211; Eintritt Bayerische Staatstheater \/ Gemeinsamer Dienst1983 &#8211; 1989 &#8211; Autodidakt. Stil- und Malstudien in verschied. Techniken1990 &#8211; K\u00fcnstl. Auseinandersetzung mit Werk von &hellip; <\/p>\n<p class=\"link-more\"><a href=\"https:\/\/sames-art.de\/?page_id=6\" class=\"more-link\"><span class=\"screen-reader-text\">\u201eVitae\u201c <\/span>weiterlesen<\/a><\/p>\n","protected":false},"author":1,"featured_media":339,"parent":0,"menu_order":0,"comment_status":"closed","ping_status":"closed","template":"","meta":{"footnotes":""},"class_list":["post-6","page","type-page","status-publish","has-post-thumbnail","hentry"],"_links":{"self":[{"href":"https:\/\/sames-art.de\/index.php?rest_route=\/wp\/v2\/pages\/6","targetHints":{"allow":["GET"]}}],"collection":[{"href":"https:\/\/sames-art.de\/index.php?rest_route=\/wp\/v2\/pages"}],"about":[{"href":"https:\/\/sames-art.de\/index.php?rest_route=\/wp\/v2\/types\/page"}],"author":[{"embeddable":true,"href":"https:\/\/sames-art.de\/index.php?rest_route=\/wp\/v2\/users\/1"}],"replies":[{"embeddable":true,"href":"https:\/\/sames-art.de\/index.php?rest_route=%2Fwp%2Fv2%2Fcomments&post=6"}],"version-history":[{"count":43,"href":"https:\/\/sames-art.de\/index.php?rest_route=\/wp\/v2\/pages\/6\/revisions"}],"predecessor-version":[{"id":410,"href":"https:\/\/sames-art.de\/index.php?rest_route=\/wp\/v2\/pages\/6\/revisions\/410"}],"wp:featuredmedia":[{"embeddable":true,"href":"https:\/\/sames-art.de\/index.php?rest_route=\/wp\/v2\/media\/339"}],"wp:attachment":[{"href":"https:\/\/sames-art.de\/index.php?rest_route=%2Fwp%2Fv2%2Fmedia&parent=6"}],"curies":[{"name":"wp","href":"https:\/\/api.w.org\/{rel}","templated":true}]}}